{"id":41,"date":"2019-02-26T17:13:36","date_gmt":"2019-02-26T16:13:36","guid":{"rendered":"http:\/\/personal-polen.pgassenmaier.alfahosting.org\/?page_id=41"},"modified":"2026-02-10T09:25:24","modified_gmt":"2026-02-10T08:25:24","slug":"imprint","status":"publish","type":"page","link":"https:\/\/personal-polen.de\/en\/imprint\/","title":{"rendered":"Imprint"},"content":{"rendered":"<div class=\"wpb-content-wrapper\">\r\n<div class=\"mk-page-section-wrapper\" data-mk-full-width=\"true\" data-mk-full-width-init=\"true\" data-mk-stretch-content=\"true\">\r\n\t<div id=\"page-section-1\" class=\"mk-page-section self-hosted   full_layout full-width-1 js-el js-master-row jupiter-donut-\"    data-intro-effect=\"false\">\r\n\r\n\t\t\t\r\n\t\t\t<div class=\"mk-page-section-inner\">\r\n\t\t\t\t\r\n\r\n\r\n<div class=\"mk-video-color-mask\"><\/div>\r\n\r\n\t\t\t\t\r\n\t\t\t\t\t\t\t<\/div>\r\n\r\n\t\t\t\r\n        <div class=\"page-section-content vc_row-fluid mk-grid\" >\r\n            <div class=\"mk-padding-wrapper wpb_row\">\r\n<div class=\"vc_col-sm-12 wpb_column column_container  jupiter-donut- _ jupiter-donut-height-full\">\r\n\t\r\n<h2 id=\"fancy-title-3\" class=\"mk-fancy-title  simple-style jupiter-donut-  color-single\">\r\n\t<span>\r\n\t\t\t\t<p>Imprint<\/p>\n\t\t\t<\/span>\r\n<\/h2>\r\n<div class=\"clearboth\"><\/div>\r\n\r\n\r\n\r\n<\/div>\r\n<\/div>\r\n            <div class=\"clearboth\"><\/div>\r\n        <\/div>\r\n\r\n\r\n\t\t\t\r\n\t\t\t\r\n\t\t\t\r\n\t\t<div class=\"clearboth\"><\/div>\r\n\t<\/div>\r\n<\/div>\r\n<div class=\"vc_row-full-width vc_clearfix\"><\/div>\r\n\r\n\r\n<div class=\"mk-page-section-wrapper\" data-mk-full-width=\"true\" data-mk-full-width-init=\"true\" data-mk-stretch-content=\"true\">\r\n\t<div id=\"page-section-4\" class=\"mk-page-section self-hosted   full_layout full-width-4 js-el js-master-row jupiter-donut-\"    data-intro-effect=\"false\">\r\n\r\n\t\t\t\r\n\t\t\t<div class=\"mk-page-section-inner\">\r\n\t\t\t\t\r\n\r\n\r\n<div class=\"mk-video-color-mask\"><\/div>\r\n\r\n\t\t\t\t\r\n\t\t\t\t\t\t\t<\/div>\r\n\r\n\t\t\t\r\n        <div class=\"page-section-content vc_row-fluid mk-grid\" >\r\n            <div class=\"mk-padding-wrapper wpb_row\">\r\n<div class=\"vc_col-sm-12 wpb_column column_container  jupiter-donut- _ jupiter-donut-height-full\">\r\n\t\t<div class=\"vc_custom_1770711921313\">\r\n\r\n<div id=\"text-block-6\" class=\"mk-text-block  jupiter-donut-\">\r\n\r\n\t\r\n\t<h3>PROVIDER IDENTIFICATION ACCORDING TO \u00a7 5 TMG, 55 RSTV<\/h3>\n<p>Zeitarbeit International s.r.o.<br \/>\n\u010cerny\u0161evsk\u00e9ho 10,<br \/>\n851 01 Bratislava<\/p>\n<p>German representative office:<br \/>\nNeuneralmweg 11<br \/>\n82491 Grainau<\/p>\n<p>VAT number: SK2122039601<\/p>\n<p>Managing Director:<br \/>\nPeter Gassenmaier<\/p>\n<p>Tel: <a href=\"tel:+491727477707\">+49 172 7477707<\/a><\/p>\n<p>Email: <a href=\"mailto:info@personal-polen.de\">info@personal-polen.de <\/a><br \/>\nHomepage: <a href=\"https:\/\/personal-polen.de\/en\/\">https:\/\/personal-polen.de\u00a0<\/a><\/p>\n<p><strong>Liability for contents<\/strong><br \/>\nThe contents of this website have been checked and created with the utmost care. However, Zeitarbeit International s.r.o. does not guarantee the accuracy, completeness and up-to-dateness of the content. Zeitarbeit International s.r.o. expressly reserves the right to freely change the internet presence.<\/p>\n<p><strong>Liability for links<\/strong><br \/>\nThis website contains links to external websites over which Zeitarbeit International s.r.o. has no influence. The respective provider or operator of the pages is always responsible for the content of the linked pages. Therefore, Zeitarbeit International s.r.o. expressly distances itself from all contents of all linked pages despite careful checking.<\/p>\n<p><strong>Trademark and copyright law<\/strong><br \/>\nThe website, the database and the contents and other elements enjoy legal protection (copyright, trademark and other protective rights). Any reproduction, distribution or other exploitation or use of the content, images or other data without the prior consent of Zeitarbeit International s.r.o. is prohibited. Any rights of third parties are not affected by this.<\/p>\n\r\n\t<div class=\"clearboth\"><\/div>\r\n<\/div>\r\n\r\n\t<\/div>\r\n<\/div>\r\n<\/div>\r\n            <div class=\"clearboth\"><\/div>\r\n        <\/div>\r\n\r\n\r\n\t\t\t\r\n\t\t\t\r\n\t\t\t\r\n\t\t<div class=\"clearboth\"><\/div>\r\n\t<\/div>\r\n<\/div>\r\n<div class=\"vc_row-full-width vc_clearfix\"><\/div>\r\n\r\n\n<\/div>","protected":false},"excerpt":{"rendered":"Impressum ANBIETERKENNZEICHNUNG NACH \u00a7 5 TMG, 55 RSTV Zeitarbeit International s.r.o. \u010cerny\u0161evsk\u00e9ho 10, 851 01 Bratislava Deutsche Repr\u00e4sentanz: Neuneralmweg 11 82491 Grainau USt-IdNr: SK2122039601 Gesch\u00e4ftsf\u00fchrer: Peter Gassenmaier Tel: +49 172 7477707 Email: info@personal-polen.de Homepage: https:\/\/personal-polen.de\u00a0 Haftung f\u00fcr Inhalte Die Inhalte dieses Internetauftritts wurden mit gr\u00f6\u00dfter Sorgfalt gepr\u00fcft und erstellt. Zeitarbeit International s.r.o. \u00fcbernimmt jedoch kein [...]","protected":false},"author":13,"featured_media":0,"parent":0,"menu_order":12,"comment_status":"closed","ping_status":"closed","template":"","meta":{"footnotes":""},"class_list":["post-41","page","type-page","status-publish","hentry"],"yoast_head":"<!-- This site is optimized with the Yoast SEO Premium plugin v26.4 (Yoast SEO v26.4) - https:\/\/yoast.com\/wordpress\/plugins\/seo\/ -->\n<title>Impressum - Personal aus Polen<\/title>\n<meta name=\"robots\" content=\"index, follow, max-snippet:-1, max-image-preview:large, max-video-preview:-1\" \/>\n<link rel=\"canonical\" href=\"https:\/\/personal-polen.de\/en\/imprint\/\" \/>\n<meta property=\"og:locale\" content=\"en_GB\" \/>\n<meta property=\"og:type\" content=\"article\" \/>\n<meta property=\"og:title\" content=\"Impressum\" \/>\n<meta property=\"og:url\" content=\"https:\/\/personal-polen.de\/en\/imprint\/\" \/>\n<meta property=\"og:site_name\" content=\"Personal aus Polen\" \/>\n<meta property=\"article:modified_time\" content=\"2026-02-10T08:25:24+00:00\" \/>\n<meta name=\"twitter:card\" content=\"summary_large_image\" \/>\n<meta name=\"twitter:label1\" content=\"Estimated reading time\" \/>\n\t<meta name=\"twitter:data1\" content=\"2 minutes\" \/>\n<script type=\"application\/ld+json\" class=\"yoast-schema-graph\">{\"@context\":\"https:\/\/schema.org\",\"@graph\":[{\"@type\":[\"WebPage\",\"ItemPage\"],\"@id\":\"https:\/\/personal-polen.de\/impressum\/\",\"url\":\"https:\/\/personal-polen.de\/impressum\/\",\"name\":\"Impressum - Personal aus Polen\",\"isPartOf\":{\"@id\":\"https:\/\/personal-polen.de\/#website\"},\"datePublished\":\"2019-02-26T16:13:36+00:00\",\"dateModified\":\"2026-02-10T08:25:24+00:00\",\"breadcrumb\":{\"@id\":\"https:\/\/personal-polen.de\/impressum\/#breadcrumb\"},\"inLanguage\":\"en-GB\",\"potentialAction\":[{\"@type\":\"ReadAction\",\"target\":[\"https:\/\/personal-polen.de\/impressum\/\"]}]},{\"@type\":\"BreadcrumbList\",\"@id\":\"https:\/\/personal-polen.de\/impressum\/#breadcrumb\",\"itemListElement\":[{\"@type\":\"ListItem\",\"position\":1,\"name\":\"Startseite\",\"item\":\"https:\/\/personal-polen.de\/\"},{\"@type\":\"ListItem\",\"position\":2,\"name\":\"Impressum\"}]},{\"@type\":\"WebSite\",\"@id\":\"https:\/\/personal-polen.de\/#website\",\"url\":\"https:\/\/personal-polen.de\/\",\"name\":\"Personal aus Polen\",\"description\":\"Ihr Spezialist f\u00fcr Handwerker und Subunternehmer aus Polen\",\"publisher\":{\"@id\":\"https:\/\/personal-polen.de\/#organization\"},\"potentialAction\":[{\"@type\":\"SearchAction\",\"target\":{\"@type\":\"EntryPoint\",\"urlTemplate\":\"https:\/\/personal-polen.de\/?s={search_term_string}\"},\"query-input\":{\"@type\":\"PropertyValueSpecification\",\"valueRequired\":true,\"valueName\":\"search_term_string\"}}],\"inLanguage\":\"en-GB\"},{\"@type\":\"Organization\",\"@id\":\"https:\/\/personal-polen.de\/#organization\",\"name\":\"Personal aus Polen\",\"url\":\"https:\/\/personal-polen.de\/\",\"logo\":{\"@type\":\"ImageObject\",\"inLanguage\":\"en-GB\",\"@id\":\"https:\/\/personal-polen.de\/#\/schema\/logo\/image\/\",\"url\":\"https:\/\/personal-polen.de\/wp-content\/uploads\/2019\/02\/pal_logo_2.png\",\"contentUrl\":\"https:\/\/personal-polen.de\/wp-content\/uploads\/2019\/02\/pal_logo_2.png\",\"width\":250,\"height\":100,\"caption\":\"Personal aus Polen\"},\"image\":{\"@id\":\"https:\/\/personal-polen.de\/#\/schema\/logo\/image\/\"}}]}<\/script>\n<!-- \/ Yoast SEO Premium plugin. -->","yoast_head_json":{"title":"Imprint - Personnel from Poland","robots":{"index":"index","follow":"follow","max-snippet":"max-snippet:-1","max-image-preview":"max-image-preview:large","max-video-preview":"max-video-preview:-1"},"canonical":"https:\/\/personal-polen.de\/en\/imprint\/","og_locale":"en_GB","og_type":"article","og_title":"Impressum","og_url":"https:\/\/personal-polen.de\/en\/imprint\/","og_site_name":"Personal aus Polen","article_modified_time":"2026-02-10T08:25:24+00:00","twitter_card":"summary_large_image","twitter_misc":{"Estimated reading time":"2 minutes"},"schema":{"@context":"https:\/\/schema.org","@graph":[{"@type":["WebPage","ItemPage"],"@id":"https:\/\/personal-polen.de\/impressum\/","url":"https:\/\/personal-polen.de\/impressum\/","name":"Imprint - Personnel from Poland","isPartOf":{"@id":"https:\/\/personal-polen.de\/#website"},"datePublished":"2019-02-26T16:13:36+00:00","dateModified":"2026-02-10T08:25:24+00:00","breadcrumb":{"@id":"https:\/\/personal-polen.de\/impressum\/#breadcrumb"},"inLanguage":"en-GB","potentialAction":[{"@type":"ReadAction","target":["https:\/\/personal-polen.de\/impressum\/"]}]},{"@type":"BreadcrumbList","@id":"https:\/\/personal-polen.de\/impressum\/#breadcrumb","itemListElement":[{"@type":"ListItem","position":1,"name":"Startseite","item":"https:\/\/personal-polen.de\/"},{"@type":"ListItem","position":2,"name":"Impressum"}]},{"@type":"WebSite","@id":"https:\/\/personal-polen.de\/#website","url":"https:\/\/personal-polen.de\/","name":"Staff from Poland","description":"Your specialist for craftsmen and subcontractors from Poland","publisher":{"@id":"https:\/\/personal-polen.de\/#organization"},"potentialAction":[{"@type":"SearchAction","target":{"@type":"EntryPoint","urlTemplate":"https:\/\/personal-polen.de\/?s={search_term_string}"},"query-input":{"@type":"PropertyValueSpecification","valueRequired":true,"valueName":"search_term_string"}}],"inLanguage":"en-GB"},{"@type":"Organization","@id":"https:\/\/personal-polen.de\/#organization","name":"Staff from Poland","url":"https:\/\/personal-polen.de\/","logo":{"@type":"ImageObject","inLanguage":"en-GB","@id":"https:\/\/personal-polen.de\/#\/schema\/logo\/image\/","url":"https:\/\/personal-polen.de\/wp-content\/uploads\/2019\/02\/pal_logo_2.png","contentUrl":"https:\/\/personal-polen.de\/wp-content\/uploads\/2019\/02\/pal_logo_2.png","width":250,"height":100,"caption":"Personal aus Polen"},"image":{"@id":"https:\/\/personal-polen.de\/#\/schema\/logo\/image\/"}}]}},"_links":{"self":[{"href":"https:\/\/personal-polen.de\/en\/wp-json\/wp\/v2\/pages\/41","targetHints":{"allow":["GET"]}}],"collection":[{"href":"https:\/\/personal-polen.de\/en\/wp-json\/wp\/v2\/pages"}],"about":[{"href":"https:\/\/personal-polen.de\/en\/wp-json\/wp\/v2\/types\/page"}],"author":[{"embeddable":true,"href":"https:\/\/personal-polen.de\/en\/wp-json\/wp\/v2\/users\/13"}],"replies":[{"embeddable":true,"href":"https:\/\/personal-polen.de\/en\/wp-json\/wp\/v2\/comments?post=41"}],"version-history":[{"count":4,"href":"https:\/\/personal-polen.de\/en\/wp-json\/wp\/v2\/pages\/41\/revisions"}],"predecessor-version":[{"id":4376,"href":"https:\/\/personal-polen.de\/en\/wp-json\/wp\/v2\/pages\/41\/revisions\/4376"}],"wp:attachment":[{"href":"https:\/\/personal-polen.de\/en\/wp-json\/wp\/v2\/media?parent=41"}],"curies":[{"name":"wp","href":"https:\/\/api.w.org\/{rel}","templated":true}]}}