{"id":61,"date":"2019-03-05T18:11:41","date_gmt":"2019-03-05T17:11:41","guid":{"rendered":"https:\/\/personal-polen.de\/?page_id=61"},"modified":"2025-04-16T10:25:44","modified_gmt":"2025-04-16T08:25:44","slug":"service-contracts","status":"publish","type":"page","link":"https:\/\/personal-polen.de\/en\/service-contracts\/","title":{"rendered":"Service contracts"},"content":{"rendered":"<div class=\"wpb-content-wrapper\">\r\n<div class=\"mk-page-section-wrapper\" data-mk-full-width=\"true\" data-mk-full-width-init=\"true\" data-mk-stretch-content=\"true\">\r\n\t<div id=\"page-section-1\" class=\"mk-page-section self-hosted   full_layout full-width-1 js-el js-master-row jupiter-donut-\"    data-intro-effect=\"false\">\r\n\r\n\t\t\t\r\n\t\t\t<div class=\"mk-page-section-inner\">\r\n\t\t\t\t\r\n\r\n\r\n<div style=\"background-color:#282828;opacity:0.5;\" class=\"mk-video-color-mask\"><\/div>\r\n\r\n\t\t\t\t\r\n\t\t\t\t\t<div class=\"background-clipper\">\r\n\r\n\t\r\n\t<div class=\"background-layer-holder\">\r\n\t\t<div id=\"background-layer--1\" data-mk-lazyload=\"false\" class=\"background-layer mk-background-stretch none-blend-effect js-el\"    data-mk-img-set='{\"landscape\":{\"desktop\":\"https:\/\/personal-polen.de\/wp-content\/uploads\/2021\/09\/laptop-g997056368_1920.jpg\",\"tablet\":\"https:\/\/personal-polen.de\/wp-content\/uploads\/2021\/09\/laptop-g997056368_1920-1024x768.jpg\",\"mobile\":\"https:\/\/personal-polen.de\/wp-content\/uploads\/2021\/09\/laptop-g997056368_1920-736x414.jpg\"},\"responsive\":\"true\"}' >\r\n\t\t\t\t\t\t\t\t\t<div class=\"mk-color-layer\"><\/div>\r\n\t\t<\/div>\r\n\t<\/div>\r\n\r\n\t<\/div>\r\n\t\t\t<\/div>\r\n\r\n\t\t\t\r\n        <div class=\"page-section-content vc_row-fluid mk-grid\" >\r\n            <div class=\"mk-padding-wrapper wpb_row\">\r\n<div class=\"vc_col-sm-12 wpb_column column_container  jupiter-donut- _ jupiter-donut-height-full\">\r\n\t\r\n<div id=\"padding-3\" class=\"mk-padding-divider jupiter-donut-  jupiter-donut-clearfix\"><\/div>\r\n\r\n<div class=\"mk-font-icons icon-align-center jupiter-donut-\" id=\"mk-font-icons-4\">\r\n\t<i class=\"font-icon circle-enabled center-icon mk-size-x-large\"><svg class=\"mk-svg-icon\" data-name=\"mk-jupiter-icon-doc\" data-cacheid=\"icon-69e88f842716b\" xmlns=\"http:\/\/www.w3.org\/2000\/svg\" viewbox=\"0 0 512 512\"><path d=\"M410.774 452.128h-309.483c-2.944 0-5.334-2.389-5.334-5.334v-295.253c0-1.312.48-2.571 1.355-3.552l88.416-99.125c1.013-1.13 2.453-1.781 3.978-1.781h221.067c2.944 0 5.334 2.389 5.334 5.334v394.378c0 2.954-2.389 5.334-5.334 5.334zm-304.15-10.666h298.816v-383.702h-213.333l-85.472 95.818v287.883zm240.171-223.712h-181.322c-2.944 0-5.333-2.389-5.333-5.334s2.389-5.334 5.333-5.334h181.322c2.944 0 5.334 2.389 5.334 5.334s-2.389 5.334-5.334 5.334zm0-64.172h-85.205c-2.944 0-5.334-2.389-5.334-5.333s2.389-5.333 5.334-5.333h85.206c2.944 0 5.334 2.389 5.334 5.333s-2.389 5.333-5.334 5.333zm0 128.076h-181.322c-2.944 0-5.333-2.389-5.333-5.334s2.389-5.334 5.333-5.334h181.322c2.944 0 5.334 2.389 5.334 5.334s-2.389 5.334-5.334 5.334zm0 63.978h-181.322c-2.944 0-5.333-2.389-5.333-5.334s2.389-5.334 5.333-5.334h181.322c2.944 0 5.334 2.389 5.334 5.334s-2.389 5.334-5.334 5.334zm-160.16-191.99h-81.078c-2.944 0-5.334-2.389-5.334-5.334s2.389-5.333 5.334-5.333h75.744v-86.57c0-2.944 2.389-5.334 5.333-5.334s5.333 2.389 5.333 5.334v91.904c0 2.944-2.389 5.334-5.333 5.334z\"><\/path><\/svg><\/i>\r\n<\/div>\r\n<h1 id=\"fancy-title-5\" class=\"mk-fancy-title  simple-style jupiter-donut-  color-single\">\r\n\t<span>\r\n\t\t\t\t<p>Service contracts<\/p>\n\t\t\t<\/span>\r\n<\/h1>\r\n<div class=\"clearboth\"><\/div>\r\n\r\n\r\n\r\n\r\n<div id=\"padding-6\" class=\"mk-padding-divider jupiter-donut-  jupiter-donut-clearfix\"><\/div>\r\n\r\n<\/div>\r\n<\/div>\r\n            <div class=\"clearboth\"><\/div>\r\n        <\/div>\r\n\r\n\r\n\t\t\t\r\n\t\t\t\r\n\t\t\t\r\n\t\t<div class=\"clearboth\"><\/div>\r\n\t<\/div>\r\n<\/div>\r\n<div class=\"vc_row-full-width vc_clearfix\"><\/div>\r\n\r\n\r\n<div class=\"mk-page-section-wrapper\" data-mk-full-width=\"true\" data-mk-full-width-init=\"true\" data-mk-stretch-content=\"true\">\r\n\t<div id=\"page-section-7\" class=\"mk-page-section self-hosted   full_layout full-width-7 js-el js-master-row jupiter-donut-\"    data-intro-effect=\"false\">\r\n\r\n\t\t\t\r\n\t\t\t<div class=\"mk-page-section-inner\">\r\n\t\t\t\t\r\n\r\n\r\n<div class=\"mk-video-color-mask\"><\/div>\r\n\r\n\t\t\t\t\r\n\t\t\t\t\t\t\t<\/div>\r\n\r\n\t\t\t\r\n        <div class=\"page-section-content vc_row-fluid mk-grid\" >\r\n            <div class=\"mk-padding-wrapper wpb_row\">\r\n<div class=\"vc_col-sm-12 wpb_column column_container  jupiter-donut- _ jupiter-donut-height-full\">\r\n\t\r\n<h2 id=\"fancy-title-9\" class=\"mk-fancy-title  simple-style jupiter-donut-  color-single\">\r\n\t<span>\r\n\t\t\t\t<p style=\"text-align: left;\">Service contracts with skilled workers from Eastern Europe<\/p>\n\t\t\t<\/span>\r\n<\/h2>\r\n<div class=\"clearboth\"><\/div>\r\n\r\n\r\n\r\n\t<div class=\"vc_custom_1744791764904\">\r\n\r\n<div id=\"text-block-10\" class=\"mk-text-block  jupiter-donut-\">\r\n\r\n\t\r\n\t<p>Service contracts are becoming increasingly popular. Under certain conditions, it represents an attractive alternative to hiring out employees from Eastern Europe and to <a href=\"https:\/\/personal-polen.de\/en\/labour-contracts\/\">work and<\/a> ing. Basically <strong>Service contracts from Eastern Europe<\/strong> for various services, such as care activities. Both contracting parties agree that the service provider will take on a specific task and receive remuneration for it. The service provider performs this task largely independently. This is an essential legal feature for service contracts from Eastern Europe. Otherwise, it is more advisable to use temporary employment. However, there are often blurred boundaries between the various options for personnel recruitment from Eastern Europe. We will be happy to provide you with comprehensive and competent advice on this. We also formulate service contracts from Eastern Europe that are optimised for your purposes.<\/p>\n\r\n\t<div class=\"clearboth\"><\/div>\r\n<\/div>\r\n\r\n\t<\/div>\r\n<\/div>\r\n<\/div>\r\n            <div class=\"clearboth\"><\/div>\r\n        <\/div>\r\n\r\n\r\n\t\t\t\r\n\t\t\t\r\n\t\t\t\r\n\t\t<div class=\"clearboth\"><\/div>\r\n\t<\/div>\r\n<\/div>\r\n<div class=\"vc_row-full-width vc_clearfix\"><\/div>\r\n\r\n\r\n<div class=\"mk-page-section-wrapper\" data-mk-full-width=\"true\" data-mk-full-width-init=\"true\" data-mk-stretch-content=\"true\">\r\n\t<div id=\"page-section-11\" class=\"mk-page-section self-hosted   full_layout full-width-11 js-el js-master-row jupiter-donut-\"    data-intro-effect=\"false\">\r\n\r\n\t\t\t\r\n\t\t\t<div class=\"mk-page-section-inner\">\r\n\t\t\t\t\r\n\r\n\r\n<div class=\"mk-video-color-mask\"><\/div>\r\n\r\n\t\t\t\t\r\n\t\t\t\t\t\t\t<\/div>\r\n\r\n\t\t\t\r\n        <div class=\"page-section-content vc_row-fluid mk-grid\" >\r\n            <div class=\"mk-padding-wrapper wpb_row\">\r\n<div class=\"vc_col-sm-8 wpb_column column_container  jupiter-donut- _ jupiter-donut-height-full\">\r\n\t\t<div class=\"vc_custom_1744791932066\">\r\n\r\n<div id=\"text-block-13\" class=\"mk-text-block  jupiter-donut-\">\r\n\r\n\t\r\n\t<div class=\"wpb_text_column\">\n<div class=\"wpb_wrapper\">\n<h3>Advantages of service contracts<\/h3>\n<p>In principle, the advantages of service contracts lie in the comparatively low costs and low obligations on the part of the client. This means that <strong>Service contracts from Eastern Europe<\/strong> to a certain period of time. The rules of protection against dismissal do not apply here.<\/p>\n<p>Whether service contracts or labour leasing from Eastern Europe: In addition to legally flawless contract design, companies and individuals have a great interest in good and reliable personnel from Eastern Europe. As an established recruitment agency for Eastern Europe, we guarantee you a workforce that will fulfil the tasks at hand to your satisfaction. Based on your requirements, we search specifically for suitable personnel from Eastern Europe who are convincing both professionally and in terms of social skills. We also see ourselves as a recruitment agency for Eastern Europe that comprehensively prepares all workers for their work in Germany. This minimises the settling-in period and the personnel can immediately take up their work with full commitment.<\/p>\n<\/div>\n<\/div>\n\r\n\t<div class=\"clearboth\"><\/div>\r\n<\/div>\r\n\r\n\t<\/div>\r\n<\/div>\r\n\r\n<div class=\"vc_col-sm-4 wpb_column column_container  jupiter-donut- _ jupiter-donut-height-full\">\r\n\t<div class=\"vc_empty_space  vc_custom_1633506872012\"   style=\"height: 52px\"><span class=\"vc_empty_space_inner\"><\/span><\/div><div  class=\"mk-image mk-image-15 jupiter-donut-  mk-image-lazyload align-left  mk-animate-element left-to-right simple-frame inside-image\" style=\"margin-bottom:10px\"><div class=\"mk-image-container\" style=\"max-width: 1920px;\"><div  class=\"mk-image-holder\" style=\"max-width: 1920px;\"><div class=\"mk-image-inner\"><img loading=\"lazy\" decoding=\"async\" class=\"lightbox-false\" alt=\"contract\" title=\"laptop-g997056368_1920\" width=\"1920\" height=\"1280\" src=\"https:\/\/personal-polen.de\/wp-content\/uploads\/2021\/09\/laptop-g997056368_1920.jpg\" \/><\/div><\/div><div class=\"clearboth\"><\/div><\/div><\/div><\/div>\r\n<\/div>\r\n            <div class=\"clearboth\"><\/div>\r\n        <\/div>\r\n\r\n\r\n\t\t\t\r\n\t\t\t\r\n\t\t\t\r\n\t\t<div class=\"clearboth\"><\/div>\r\n\t<\/div>\r\n<\/div>\r\n<div class=\"vc_row-full-width vc_clearfix\"><\/div>\r\n\r\n\n<\/div>","protected":false},"excerpt":{"rendered":"Service contracts Service contracts with skilled workers from Eastern Europe The service contract is becoming increasingly popular. Under certain conditions, it represents an attractive alternative to temporary employment from Eastern Europe and contracts for work and labour. Service contracts from Eastern Europe are generally suitable for various services, such as care work. Both parties to the contract agree that the service provider will take on a specific task and receive remuneration [...]","protected":false},"author":13,"featured_media":0,"parent":0,"menu_order":5,"comment_status":"closed","ping_status":"closed","template":"","meta":{"footnotes":""},"class_list":["post-61","page","type-page","status-publish","hentry"],"yoast_head":"<!-- This site is optimized with the Yoast SEO Premium plugin v26.4 (Yoast SEO v26.4) - https:\/\/yoast.com\/wordpress\/plugins\/seo\/ -->\n<title>Dienstvertr\u00e4ge - Personalvermittlung - Zeitarbeit aus Polen<\/title>\n<meta name=\"description\" content=\"Willkommen bei Personal aus Polen. Wir bieten Dienstvertr\u00e4ge mit Fachkr\u00e4ften aus Osteuropa an sowie weitere Personaldienstleistungen\" \/>\n<meta name=\"robots\" content=\"index, follow, max-snippet:-1, max-image-preview:large, max-video-preview:-1\" \/>\n<link rel=\"canonical\" href=\"https:\/\/personal-polen.de\/en\/service-contracts\/\" \/>\n<meta property=\"og:locale\" content=\"en_GB\" \/>\n<meta property=\"og:type\" content=\"article\" \/>\n<meta property=\"og:title\" content=\"Dienstvertr\u00e4ge\" \/>\n<meta property=\"og:description\" content=\"Willkommen bei Personal aus Polen. Wir bieten Dienstvertr\u00e4ge mit Fachkr\u00e4ften aus Osteuropa an sowie weitere Personaldienstleistungen\" \/>\n<meta property=\"og:url\" content=\"https:\/\/personal-polen.de\/en\/service-contracts\/\" \/>\n<meta property=\"og:site_name\" content=\"Personal aus Polen\" \/>\n<meta property=\"article:modified_time\" content=\"2025-04-16T08:25:44+00:00\" \/>\n<meta name=\"twitter:card\" content=\"summary_large_image\" \/>\n<meta name=\"twitter:label1\" content=\"Estimated reading time\" \/>\n\t<meta name=\"twitter:data1\" content=\"2 minutes\" \/>\n<script type=\"application\/ld+json\" class=\"yoast-schema-graph\">{\"@context\":\"https:\/\/schema.org\",\"@graph\":[{\"@type\":\"Article\",\"@id\":\"https:\/\/personal-polen.de\/dienstvertraege\/#article\",\"isPartOf\":{\"@id\":\"https:\/\/personal-polen.de\/dienstvertraege\/\"},\"author\":{\"name\":\"Redaktion\",\"@id\":\"https:\/\/personal-polen.de\/#\/schema\/person\/cc060cc282b90d581444e0570ce4ab16\"},\"headline\":\"Dienstvertr\u00e4ge\",\"datePublished\":\"2019-03-05T17:11:41+00:00\",\"dateModified\":\"2025-04-16T08:25:44+00:00\",\"mainEntityOfPage\":{\"@id\":\"https:\/\/personal-polen.de\/dienstvertraege\/\"},\"wordCount\":508,\"publisher\":{\"@id\":\"https:\/\/personal-polen.de\/#organization\"},\"inLanguage\":\"en-GB\"},{\"@type\":[\"WebPage\",\"ItemPage\"],\"@id\":\"https:\/\/personal-polen.de\/dienstvertraege\/\",\"url\":\"https:\/\/personal-polen.de\/dienstvertraege\/\",\"name\":\"Dienstvertr\u00e4ge - Personalvermittlung - Zeitarbeit aus Polen\",\"isPartOf\":{\"@id\":\"https:\/\/personal-polen.de\/#website\"},\"datePublished\":\"2019-03-05T17:11:41+00:00\",\"dateModified\":\"2025-04-16T08:25:44+00:00\",\"description\":\"Willkommen bei Personal aus Polen. Wir bieten Dienstvertr\u00e4ge mit Fachkr\u00e4ften aus Osteuropa an sowie weitere Personaldienstleistungen\",\"breadcrumb\":{\"@id\":\"https:\/\/personal-polen.de\/dienstvertraege\/#breadcrumb\"},\"inLanguage\":\"en-GB\",\"potentialAction\":[{\"@type\":\"ReadAction\",\"target\":[\"https:\/\/personal-polen.de\/dienstvertraege\/\"]}]},{\"@type\":\"BreadcrumbList\",\"@id\":\"https:\/\/personal-polen.de\/dienstvertraege\/#breadcrumb\",\"itemListElement\":[{\"@type\":\"ListItem\",\"position\":1,\"name\":\"Startseite\",\"item\":\"https:\/\/personal-polen.de\/\"},{\"@type\":\"ListItem\",\"position\":2,\"name\":\"Dienstvertr\u00e4ge\"}]},{\"@type\":\"WebSite\",\"@id\":\"https:\/\/personal-polen.de\/#website\",\"url\":\"https:\/\/personal-polen.de\/\",\"name\":\"Personal aus Polen\",\"description\":\"Ihr Spezialist f\u00fcr Handwerker und Subunternehmer aus Polen\",\"publisher\":{\"@id\":\"https:\/\/personal-polen.de\/#organization\"},\"potentialAction\":[{\"@type\":\"SearchAction\",\"target\":{\"@type\":\"EntryPoint\",\"urlTemplate\":\"https:\/\/personal-polen.de\/?s={search_term_string}\"},\"query-input\":{\"@type\":\"PropertyValueSpecification\",\"valueRequired\":true,\"valueName\":\"search_term_string\"}}],\"inLanguage\":\"en-GB\"},{\"@type\":\"Organization\",\"@id\":\"https:\/\/personal-polen.de\/#organization\",\"name\":\"Personal aus Polen\",\"url\":\"https:\/\/personal-polen.de\/\",\"logo\":{\"@type\":\"ImageObject\",\"inLanguage\":\"en-GB\",\"@id\":\"https:\/\/personal-polen.de\/#\/schema\/logo\/image\/\",\"url\":\"https:\/\/personal-polen.de\/wp-content\/uploads\/2019\/02\/pal_logo_2.png\",\"contentUrl\":\"https:\/\/personal-polen.de\/wp-content\/uploads\/2019\/02\/pal_logo_2.png\",\"width\":250,\"height\":100,\"caption\":\"Personal aus Polen\"},\"image\":{\"@id\":\"https:\/\/personal-polen.de\/#\/schema\/logo\/image\/\"}},{\"@type\":\"Person\",\"@id\":\"https:\/\/personal-polen.de\/#\/schema\/person\/cc060cc282b90d581444e0570ce4ab16\",\"name\":\"Redaktion\"}]}<\/script>\n<!-- \/ Yoast SEO Premium plugin. -->","yoast_head_json":{"title":"Service contracts - Recruitment - Temporary work from Poland","description":"Welcome to Personnel from Poland. We offer service contracts with skilled workers from Eastern Europe as well as other personnel services","robots":{"index":"index","follow":"follow","max-snippet":"max-snippet:-1","max-image-preview":"max-image-preview:large","max-video-preview":"max-video-preview:-1"},"canonical":"https:\/\/personal-polen.de\/en\/service-contracts\/","og_locale":"en_GB","og_type":"article","og_title":"Dienstvertr\u00e4ge","og_description":"Willkommen bei Personal aus Polen. Wir bieten Dienstvertr\u00e4ge mit Fachkr\u00e4ften aus Osteuropa an sowie weitere Personaldienstleistungen","og_url":"https:\/\/personal-polen.de\/en\/service-contracts\/","og_site_name":"Personal aus Polen","article_modified_time":"2025-04-16T08:25:44+00:00","twitter_card":"summary_large_image","twitter_misc":{"Estimated reading time":"2 minutes"},"schema":{"@context":"https:\/\/schema.org","@graph":[{"@type":"Article","@id":"https:\/\/personal-polen.de\/dienstvertraege\/#article","isPartOf":{"@id":"https:\/\/personal-polen.de\/dienstvertraege\/"},"author":{"name":"Redaktion","@id":"https:\/\/personal-polen.de\/#\/schema\/person\/cc060cc282b90d581444e0570ce4ab16"},"headline":"Dienstvertr\u00e4ge","datePublished":"2019-03-05T17:11:41+00:00","dateModified":"2025-04-16T08:25:44+00:00","mainEntityOfPage":{"@id":"https:\/\/personal-polen.de\/dienstvertraege\/"},"wordCount":508,"publisher":{"@id":"https:\/\/personal-polen.de\/#organization"},"inLanguage":"en-GB"},{"@type":["WebPage","ItemPage"],"@id":"https:\/\/personal-polen.de\/dienstvertraege\/","url":"https:\/\/personal-polen.de\/dienstvertraege\/","name":"Service contracts - Recruitment - Temporary work from Poland","isPartOf":{"@id":"https:\/\/personal-polen.de\/#website"},"datePublished":"2019-03-05T17:11:41+00:00","dateModified":"2025-04-16T08:25:44+00:00","description":"Welcome to Personnel from Poland. We offer service contracts with skilled workers from Eastern Europe as well as other personnel services","breadcrumb":{"@id":"https:\/\/personal-polen.de\/dienstvertraege\/#breadcrumb"},"inLanguage":"en-GB","potentialAction":[{"@type":"ReadAction","target":["https:\/\/personal-polen.de\/dienstvertraege\/"]}]},{"@type":"BreadcrumbList","@id":"https:\/\/personal-polen.de\/dienstvertraege\/#breadcrumb","itemListElement":[{"@type":"ListItem","position":1,"name":"Startseite","item":"https:\/\/personal-polen.de\/"},{"@type":"ListItem","position":2,"name":"Dienstvertr\u00e4ge"}]},{"@type":"WebSite","@id":"https:\/\/personal-polen.de\/#website","url":"https:\/\/personal-polen.de\/","name":"Staff from Poland","description":"Your specialist for craftsmen and subcontractors from Poland","publisher":{"@id":"https:\/\/personal-polen.de\/#organization"},"potentialAction":[{"@type":"SearchAction","target":{"@type":"EntryPoint","urlTemplate":"https:\/\/personal-polen.de\/?s={search_term_string}"},"query-input":{"@type":"PropertyValueSpecification","valueRequired":true,"valueName":"search_term_string"}}],"inLanguage":"en-GB"},{"@type":"Organization","@id":"https:\/\/personal-polen.de\/#organization","name":"Staff from Poland","url":"https:\/\/personal-polen.de\/","logo":{"@type":"ImageObject","inLanguage":"en-GB","@id":"https:\/\/personal-polen.de\/#\/schema\/logo\/image\/","url":"https:\/\/personal-polen.de\/wp-content\/uploads\/2019\/02\/pal_logo_2.png","contentUrl":"https:\/\/personal-polen.de\/wp-content\/uploads\/2019\/02\/pal_logo_2.png","width":250,"height":100,"caption":"Personal aus Polen"},"image":{"@id":"https:\/\/personal-polen.de\/#\/schema\/logo\/image\/"}},{"@type":"Person","@id":"https:\/\/personal-polen.de\/#\/schema\/person\/cc060cc282b90d581444e0570ce4ab16","name":"Editorial office"}]}},"_links":{"self":[{"href":"https:\/\/personal-polen.de\/en\/wp-json\/wp\/v2\/pages\/61","targetHints":{"allow":["GET"]}}],"collection":[{"href":"https:\/\/personal-polen.de\/en\/wp-json\/wp\/v2\/pages"}],"about":[{"href":"https:\/\/personal-polen.de\/en\/wp-json\/wp\/v2\/types\/page"}],"author":[{"embeddable":true,"href":"https:\/\/personal-polen.de\/en\/wp-json\/wp\/v2\/users\/13"}],"replies":[{"embeddable":true,"href":"https:\/\/personal-polen.de\/en\/wp-json\/wp\/v2\/comments?post=61"}],"version-history":[{"count":0,"href":"https:\/\/personal-polen.de\/en\/wp-json\/wp\/v2\/pages\/61\/revisions"}],"wp:attachment":[{"href":"https:\/\/personal-polen.de\/en\/wp-json\/wp\/v2\/media?parent=61"}],"curies":[{"name":"wp","href":"https:\/\/api.w.org\/{rel}","templated":true}]}}