{"id":67,"date":"2019-03-05T18:16:29","date_gmt":"2019-03-05T17:16:29","guid":{"rendered":"https:\/\/personal-polen.de\/?page_id=67"},"modified":"2025-05-01T14:30:16","modified_gmt":"2025-05-01T12:30:16","slug":"labour-contracts","status":"publish","type":"page","link":"https:\/\/personal-polen.de\/en\/werkvertraege\/","title":{"rendered":"work contracts"},"content":{"rendered":"<div class=\"wpb-content-wrapper\">\n<div class=\"mk-page-section-wrapper\" data-mk-full-width=\"true\" data-mk-full-width-init=\"true\" data-mk-stretch-content=\"true\">\n\t<div id=\"page-section-1\" class=\"mk-page-section self-hosted   full_layout full-width-1 js-el js-master-row jupiter-donut-\"    data-intro-effect=\"false\">\n\n\t\t\t\n\t\t\t<div class=\"mk-page-section-inner\">\n\t\t\t\t\n\n\n<div style=\"background-color:#282828;opacity:0.5;\" class=\"mk-video-color-mask\"><\/div>\n\n\t\t\t\t\n\t\t\t\t\t<div class=\"background-clipper\">\n\n\t\n\t<div class=\"background-layer-holder\">\n\t\t<div id=\"background-layer--1\" data-mk-lazyload=\"false\" class=\"background-layer mk-background-stretch none-blend-effect js-el\"    data-mk-img-set='{\"landscape\":{\"desktop\":\"https:\/\/personal-polen.de\/wp-content\/uploads\/2021\/09\/signature-g78358e2cc_1920.jpg\",\"tablet\":\"https:\/\/personal-polen.de\/wp-content\/uploads\/2021\/09\/signature-g78358e2cc_1920-1024x768.jpg\",\"mobile\":\"https:\/\/personal-polen.de\/wp-content\/uploads\/2021\/09\/signature-g78358e2cc_1920-736x414.jpg\"},\"responsive\":\"true\"}' >\n\t\t\t\t\t\t\t\t\t<div class=\"mk-color-layer\"><\/div>\n\t\t<\/div>\n\t<\/div>\n\n\t<\/div>\n\t\t\t<\/div>\n\n\t\t\t\n        <div class=\"page-section-content vc_row-fluid mk-grid\" >\n            <div class=\"mk-padding-wrapper wpb_row\">\n<div class=\"vc_col-sm-12 wpb_column column_container  jupiter-donut- _ jupiter-donut-height-full\">\n\t\n<div id=\"padding-3\" class=\"mk-padding-divider jupiter-donut-  jupiter-donut-clearfix\"><\/div>\n\n<div class=\"mk-font-icons icon-align-center jupiter-donut-\" id=\"mk-font-icons-4\">\n\t<i class=\"font-icon circle-enabled center-icon mk-size-x-large\"><svg class=\"mk-svg-icon\" data-name=\"mk-li-notepad\" data-cacheid=\"icon-69ff1e298bd1c\" xmlns=\"http:\/\/www.w3.org\/2000\/svg\" viewbox=\"0 0 416 512\"><path d=\"M129.493 169.654c0 4.337 3.509 7.848 7.848 7.848h141.257c4.337 0 7.848-3.51 7.848-7.848 0-4.322-3.51-7.848-7.848-7.848h-141.257c-4.338 0-7.848 3.525-7.848 7.848zm149.105 39.238h-141.257c-4.338 0-7.848 3.525-7.848 7.848 0 4.337 3.509 7.848 7.848 7.848h141.257c4.337 0 7.848-3.51 7.848-7.848-.001-4.323-3.511-7.848-7.848-7.848zm0 47.085h-141.257c-4.338 0-7.848 3.525-7.848 7.848 0 4.337 3.509 7.848 7.848 7.848h141.257c4.337 0 7.848-3.51 7.848-7.848-.001-4.323-3.511-7.848-7.848-7.848zm-70.629 47.086h-70.628c-4.338 0-7.848 3.525-7.848 7.848 0 4.337 3.509 7.848 7.848 7.848h70.628c4.337 0 7.848-3.51 7.848-7.848 0-4.323-3.51-7.848-7.848-7.848zm-.245-235.336c8.668 0 15.695-7.02 15.695-15.695 0-8.66-7.028-15.695-15.695-15.695s-15.695 7.035-15.695 15.695c0 8.675 7.027 15.695 15.695 15.695zm157.228-31.529h-106.809l-3.311-5.027h-.068c-9.664-15.711-26.969-26.225-46.764-26.225-19.796 0-37.1 10.514-46.764 26.225h-.077l-3.311 5.027h-106.8c-26.003 0-47.086 21.076-47.086 47.086v376.685c0 25.995 21.083 47.086 47.086 47.086h313.904c26.002 0 47.086-21.09 47.086-47.086v-376.685c0-26.01-21.084-47.086-47.086-47.086zm-194.941 10.668l4.591-7.465c7.227-11.741 19.711-18.76 33.399-18.76 13.687 0 26.171 7.02 33.398 18.76l4.66 7.465h.322l34.456 52.251h-145.719l34.486-52.251h.407zm139.977 67.946l-10.346-15.68h18.194c8.652 0 15.695 7.035 15.695 15.695v298.209c0 8.645-7.043 15.695-15.695 15.695h-219.787c-8.652 0-15.695-7.05-15.695-15.695v-298.209c0-8.66 7.043-15.695 15.695-15.695h18.263l-10.361 15.68h204.037zm70.659 345.157c0 8.645-7.043 15.695-15.695 15.695h-313.904c-8.653 0-15.695-7.05-15.695-15.695v-376.685c0-8.66 7.042-15.695 15.695-15.695h86.078l-10.461 15.848h-28.616c-17.335 0-31.39 14.04-31.39 31.39v298.209c0 17.335 14.055 31.39 31.39 31.39h219.787c17.335 0 31.39-14.055 31.39-31.39v-298.209c0-17.35-14.056-31.39-31.39-31.39h-28.54l-10.453-15.848h86.109c8.652 0 15.695 7.035 15.695 15.695v376.685z\"><\/path><\/svg><\/i>\n<\/div>\n<h2 id=\"fancy-title-5\" class=\"mk-fancy-title  simple-style jupiter-donut-  color-single\">\n\t<span>\n\t\t\t\t<p>work contracts<\/p>\n\t\t\t<\/span>\n<\/h2>\n<div class=\"clearboth\"><\/div>\n\n\n\n<\/div>\n<\/div>\n            <div class=\"clearboth\"><\/div>\n        <\/div>\n\n\n\t\t\t\n\t\t\t\n\t\t\t\n\t\t<div class=\"clearboth\"><\/div>\n\t<\/div>\n<\/div>\n<div class=\"vc_row-full-width vc_clearfix\"><\/div>\n\n\n<div class=\"mk-page-section-wrapper\" data-mk-full-width=\"true\" data-mk-full-width-init=\"true\" data-mk-stretch-content=\"true\">\n\t<div id=\"page-section-6\" class=\"mk-page-section self-hosted   full_layout full-width-6 js-el js-master-row jupiter-donut-\"    data-intro-effect=\"false\">\n\n\t\t\t\n\t\t\t<div class=\"mk-page-section-inner\">\n\t\t\t\t\n\n\n<div class=\"mk-video-color-mask\"><\/div>\n\n\t\t\t\t\n\t\t\t\t\t\t\t<\/div>\n\n\t\t\t\n        <div class=\"page-section-content vc_row-fluid mk-grid\" >\n            <div class=\"mk-padding-wrapper wpb_row\">\n<div class=\"vc_col-sm-12 wpb_column column_container  jupiter-donut- _ jupiter-donut-height-full\">\n\t\n<h1 id=\"fancy-title-8\" class=\"mk-fancy-title  simple-style jupiter-donut-  color-single\">\n\t<span>\n\t\t\t\t<h2 style=\"text-align: left;\">Contracts for work with skilled workers from Eastern Europe<\/h2>\n\t\t\t<\/span>\n<\/h1>\n<div class=\"clearboth\"><\/div>\n\n\n\n\t<div class=\"vc_custom_1744635467687\">\n\n<div id=\"text-block-9\" class=\"mk-text-block  jupiter-donut-\">\n\n\t\n\t<p>Contracts for work are an effective way of covering labour costs. With this form of personnel recruitment from Eastern Europe, you as an entrepreneur do not enter into any long-term obligations, but rather commission qualified personnel from Eastern Europe for specific tasks. You can conclude these labour contracts from Eastern Europe either directly with individuals or with service providers. This option is widely used in the construction, catering and production sectors, for example. Given the right framework conditions, it is an attractive alternative to the usual hiring out of labour from Eastern Europe.<\/p>\n<p>The <strong>What are the advantages of temporary work for companies and employees?<\/strong> lie in the comparatively <strong>low costs, planning security and the minimisation of risks.<\/strong> In this way, contracts for work from Eastern Europe can be concluded on a performance basis: you only pay if the personnel from Eastern Europe actually carry out the work in the agreed manner. This is not possible with standard labour leasing from Eastern Europe or normal employment.<\/p>\n\n\t<div class=\"clearboth\"><\/div>\n<\/div>\n\n\t<\/div>\n<\/div>\n<\/div>\n            <div class=\"clearboth\"><\/div>\n        <\/div>\n\n\n\t\t\t\n\t\t\t\n\t\t\t\n\t\t<div class=\"clearboth\"><\/div>\n\t<\/div>\n<\/div>\n<div class=\"vc_row-full-width vc_clearfix\"><\/div>\n\n\n<div  data-mk-stretch-content=\"true\" class=\"wpb_row vc_row vc_row-fluid jupiter-donut- mk-fullwidth-false  attched-false     js-master-row  mk-grid\">\n\t\t\t\t\n<div class=\"vc_col-sm-9 wpb_column column_container  jupiter-donut- _ jupiter-donut-height-full\">\n\t\t<div class=\"vc_custom_1744636261343\">\n\n<div id=\"text-block-11\" class=\"mk-text-block  jupiter-donut-\">\n\n\t\n\t<div class=\"wpb_text_column\">\n<div class=\"wpb_wrapper\">\n<h3>Work contracts or work contracts from Poland<\/h3>\n<p>Are you looking for personnel for a specific task in your company? With our partners and our network, we can provide you with reliable advice when it comes to work contracts or service contracts from Poland or Eastern Europe.<\/p>\n<p>We take care of accommodation and logistics, legal matters and outsourcing or production in Poland or Eastern Europe. If required, we provide tools and machinery. We draw up a contract for work and labour together with you.<\/p>\n<p>As a personnel service provider, we have specialised in all types of <strong>recruitment from Eastern Europe<\/strong> specialised. In addition to hiring out workers from Eastern Europe, we also organise <strong>contracts for work from Eastern Europe. <\/strong>We support you in all areas, whether production, skilled trades, construction or logistics with labour contracts from Poland or Eastern Europe.<\/p>\n<ul>\n<li>Firstly, companies can rely on us to find qualified personnel from Eastern Europe. We base our search on your requirements profile. We also attach great importance to social skills in the recruitment process. In addition, we prepare the potential employees optimally for their future work.<\/li>\n<li>Secondly, we draft and arrange contracts for work from Eastern Europe that meet all legal requirements. As an entrepreneur, you thus avoid the danger of committing legal violations with corresponding sanctions.<\/li>\n<\/ul>\n<\/div>\n<\/div>\n\n\t<div class=\"clearboth\"><\/div>\n<\/div>\n\n\t<\/div>\n<\/div>\n\n<div class=\"vc_col-sm-3 wpb_column column_container  jupiter-donut- _ jupiter-donut-height-full\">\n\t\n<div id=\"padding-13\" class=\"mk-padding-divider jupiter-donut-  jupiter-donut-clearfix\"><\/div>\n\n\n\t<div  class=\"wpb_single_image wpb_content_element vc_align_left wpb_content_element\">\n\t\t\n\t\t<figure class=\"wpb_wrapper vc_figure\">\n\t\t\t<div class=\"vc_single_image-wrapper   vc_box_border_grey\"><img loading=\"lazy\" decoding=\"async\" width=\"1024\" height=\"768\" src=\"https:\/\/personal-polen.de\/wp-content\/uploads\/2021\/09\/business-962355_1920-1024x768.jpg\" class=\"vc_single_image-img attachment-large\" alt=\"labour contracts\" title=\"business-962355_1920\" srcset=\"https:\/\/personal-polen.de\/wp-content\/uploads\/2021\/09\/business-962355_1920-1024x768.jpg 1024w, https:\/\/personal-polen.de\/wp-content\/uploads\/2021\/09\/business-962355_1920-300x225.jpg 300w, https:\/\/personal-polen.de\/wp-content\/uploads\/2021\/09\/business-962355_1920-768x576.jpg 768w, https:\/\/personal-polen.de\/wp-content\/uploads\/2021\/09\/business-962355_1920-1536x1152.jpg 1536w, https:\/\/personal-polen.de\/wp-content\/uploads\/2021\/09\/business-962355_1920.jpg 1920w\" sizes=\"auto, (max-width: 1024px) 100vw, 1024px\" itemprop=\"image\" \/><\/div>\n\t\t<\/figure>\n\t<\/div>\n<\/div>\n\t<\/div>\n\n<div  data-mk-stretch-content=\"true\" class=\"wpb_row vc_row vc_row-fluid jupiter-donut- mk-fullwidth-false  attched-false    vc_custom_1632209264663  js-master-row  mk-grid\">\n\t\t\t\t\n<div class=\"vc_col-sm-12 wpb_column column_container  jupiter-donut- _ jupiter-donut-height-full\">\n\t<div class=\"vc_separator wpb_content_element vc_separator_align_center vc_sep_width_100 vc_sep_pos_align_center vc_separator_no_text vc_sep_color_grey wpb_content_element  wpb_content_element\" ><span class=\"vc_sep_holder vc_sep_holder_l\"><span class=\"vc_sep_line\"><\/span><\/span><span class=\"vc_sep_holder vc_sep_holder_r\"><span class=\"vc_sep_line\"><\/span><\/span>\n<\/div><\/div>\n\t<\/div>\n\n<div  data-mk-stretch-content=\"true\" class=\"wpb_row vc_row vc_row-fluid jupiter-donut- mk-fullwidth-false  attched-false     js-master-row  mk-grid\">\n\t\t\t\t\n<div class=\"vc_col-sm-12 wpb_column column_container  jupiter-donut- _ jupiter-donut-height-full\">\n\t\t<div class=\"vc_custom_1744636472963\">\n\n<div id=\"text-block-16\" class=\"mk-text-block  jupiter-donut-\">\n\n\t\n\t<h3>Why personnel placement from Eastern Europe?<\/h3>\n<p>Many companies in the German skilled trades sector are suffering from a considerable shortage of skilled labour. They are finding it difficult to fill training positions and jobs with suitable personnel. Many clients, such as general contractors in the construction industry, are also facing difficulties: they can hardly find qualified tradespeople for their construction projects. As a personnel service provider, we can help in both cases. We provide you with well-trained and reliable tradespeople from Poland. Thanks to our experience, expertise and networks in Poland, we guarantee you a professional selection of personnel. Our employees thoroughly check the professional qualifications and social skills of the tradespeople from Poland. For the form of employment, we choose contracts for work and labour, which you conclude directly with the Polish skilled workers. Contracts for work are characterised by several advantages: Firstly, they are performance-based contracts. You only have to pay the craftsmen from Poland if they provide the service defined and specified in the contract. This specification can, for example, relate to a specific trade such as the laying of electricity cables or the tiling of rooms. Secondly, you remain flexible. Contracts for work and labour end with the completion of the respective service. Unlike a normal employment relationship, you do not enter into long-term commitments. Thirdly, with a contract for work and labour, you only have to pay the remuneration; social security contributions do not apply. Last but not least: Illnesses suffered by craftsmen from Poland do not incur any costs for you. This is also a significant difference to employment subject to social security contributions. We will be happy to advise you personally and in detail. You can also turn to us with confidence if you need craftsmen at short notice.<\/p>\n<h3>We are your partner for personnel from Poland &amp; Eastern Europe<\/h3>\n<p>We offer work contracts, service contracts, freelancers or subcontractors from Poland or Eastern Europe through to temporary work from Poland or the whole of Europe. Benefit from our experience when it comes to personnel and personnel services from Poland, Hungary, Serbia, Romania or Bulgaria.<\/p>\n<p>From plant mechanics to carpenters from Poland, we are your partner for personnel from all over Europe.<\/p>\n\n\t<div class=\"clearboth\"><\/div>\n<\/div>\n\n\t<\/div>\n<div class=\"vc_empty_space\"   style=\"height: 32px\"><span class=\"vc_empty_space_inner\"><\/span><\/div>\n<div id=\"mk-button-17\" class=\"mk-button-container _ jupiter-donut-relative    jupiter-donut-inline-block jupiter-donut-left\">\n\n\t\n\t\t<a href=\"https:\/\/personal-polen.de\/en\/contact\/\" target=\"_self\" class=\"mk-button js-smooth-scroll mk-button--dimension-flat mk-button--size-large mk-button--corner-full_rounded text-color-light _ jupiter-donut-relative jupiter-donut-text-center jupiter-donut-font-weight-700 jupiter-donut-no-backface  jupiter-donut-letter-spacing-2 jupiter-donut-inline-block\"><i class=\"mk-button--icon\"><svg  class=\"mk-svg-icon\" data-name=\"mk-icon-paper-plane\" data-cacheid=\"icon-69ff1e298dfd2\" style=\" height:16px; width: 16px; \"  xmlns=\"http:\/\/www.w3.org\/2000\/svg\" viewbox=\"0 0 1792 1792\"><path d=\"M1764 11q33 24 27 64l-256 1536q-5 29-32 45-14 8-31 8-11 0-24-5l-453-185-242 295q-18 23-49 23-13 0-22-4-19-7-30.5-23.5t-11.5-36.5v-349l864-1059-1069 925-395-162q-37-14-40-55-2-40 32-59l1664-960q15-9 32-9 20 0 36 11z\"\/><\/svg><\/i><span class=\"mk-button--text\">Contact us<\/span><\/a>\n\n\t\n<\/div>\n<\/div>\n\t<\/div>\n\n<\/div>","protected":false},"excerpt":{"rendered":"Werkvertr\u00e4ge Werkvertr\u00e4ge mit Fachkr\u00e4ften aus Osteuropa Werkvertr\u00e4ge stellen ein probates Mittel dar, um Arbeitsaufwand abzudecken. Bei dieser Form der Personalvermittlung aus Osteuropa gehen Sie als Unternehmer keine langfristigen Verpflichtungen ein, sondern beauftragen qualifiziertes Personal aus Osteuropa f\u00fcr konkrete Aufgaben. Diese Werkvertr\u00e4ge aus Osteuropa k\u00f6nnen Sie entweder direkt mit Einzelpersonen oder mit Dienstleistern abschlie\u00dfen. Weit verbreitet [...]","protected":false},"author":13,"featured_media":0,"parent":0,"menu_order":3,"comment_status":"closed","ping_status":"closed","template":"","meta":{"footnotes":""},"class_list":["post-67","page","type-page","status-publish","hentry"],"yoast_head":"<!-- This site is optimized with the Yoast SEO Premium plugin v27.5 (Yoast SEO v27.5) - https:\/\/yoast.com\/product\/yoast-seo-premium-wordpress\/ -->\n<title>Werkvertr\u00e4ge - Personal aus Polen &amp; Osteuropa<\/title>\n<meta name=\"description\" content=\"Willkommen bei Personal aus Polen. Wir sind Ihr spezialisierter Dienstleister f\u00fcr Subunternehmer, Handwerker und Leiharbeiter aus Polen.\" \/>\n<meta name=\"robots\" content=\"index, follow, max-snippet:-1, max-image-preview:large, max-video-preview:-1\" \/>\n<link rel=\"canonical\" href=\"https:\/\/personal-polen.de\/en\/labour-contracts\/\" \/>\n<meta property=\"og:locale\" content=\"en_GB\" \/>\n<meta property=\"og:type\" content=\"article\" \/>\n<meta property=\"og:title\" content=\"Werkvertr\u00e4ge\" \/>\n<meta property=\"og:description\" content=\"Willkommen bei Personal aus Polen. Wir sind Ihr spezialisierter Dienstleister f\u00fcr Subunternehmer, Handwerker und Leiharbeiter aus Polen.\" \/>\n<meta property=\"og:url\" content=\"https:\/\/personal-polen.de\/en\/labour-contracts\/\" \/>\n<meta property=\"og:site_name\" content=\"Personal aus Polen\" \/>\n<meta property=\"article:modified_time\" content=\"2025-05-01T12:30:16+00:00\" \/>\n<meta name=\"twitter:card\" content=\"summary_large_image\" \/>\n<meta name=\"twitter:label1\" content=\"Estimated reading time\" \/>\n\t<meta name=\"twitter:data1\" content=\"5 minutes\" \/>\n<script type=\"application\/ld+json\" class=\"yoast-schema-graph\">{\"@context\":\"https:\\\/\\\/schema.org\",\"@graph\":[{\"@type\":\"Article\",\"@id\":\"https:\\\/\\\/personal-polen.de\\\/werkvertraege\\\/#article\",\"isPartOf\":{\"@id\":\"https:\\\/\\\/personal-polen.de\\\/werkvertraege\\\/\"},\"author\":{\"name\":\"Redaktion\",\"@id\":\"https:\\\/\\\/personal-polen.de\\\/#\\\/schema\\\/person\\\/cc060cc282b90d581444e0570ce4ab16\"},\"headline\":\"Werkvertr\u00e4ge\",\"datePublished\":\"2019-03-05T17:16:29+00:00\",\"dateModified\":\"2025-05-01T12:30:16+00:00\",\"mainEntityOfPage\":{\"@id\":\"https:\\\/\\\/personal-polen.de\\\/werkvertraege\\\/\"},\"wordCount\":967,\"publisher\":{\"@id\":\"https:\\\/\\\/personal-polen.de\\\/#organization\"},\"inLanguage\":\"en-GB\"},{\"@type\":[\"WebPage\",\"ItemPage\"],\"@id\":\"https:\\\/\\\/personal-polen.de\\\/werkvertraege\\\/\",\"url\":\"https:\\\/\\\/personal-polen.de\\\/werkvertraege\\\/\",\"name\":\"Werkvertr\u00e4ge - Personal aus Polen & Osteuropa\",\"isPartOf\":{\"@id\":\"https:\\\/\\\/personal-polen.de\\\/#website\"},\"datePublished\":\"2019-03-05T17:16:29+00:00\",\"dateModified\":\"2025-05-01T12:30:16+00:00\",\"description\":\"Willkommen bei Personal aus Polen. Wir sind Ihr spezialisierter Dienstleister f\u00fcr Subunternehmer, Handwerker und Leiharbeiter aus Polen.\",\"breadcrumb\":{\"@id\":\"https:\\\/\\\/personal-polen.de\\\/werkvertraege\\\/#breadcrumb\"},\"inLanguage\":\"en-GB\",\"potentialAction\":[{\"@type\":\"ReadAction\",\"target\":[\"https:\\\/\\\/personal-polen.de\\\/werkvertraege\\\/\"]}]},{\"@type\":\"BreadcrumbList\",\"@id\":\"https:\\\/\\\/personal-polen.de\\\/werkvertraege\\\/#breadcrumb\",\"itemListElement\":[{\"@type\":\"ListItem\",\"position\":1,\"name\":\"Startseite\",\"item\":\"https:\\\/\\\/personal-polen.de\\\/\"},{\"@type\":\"ListItem\",\"position\":2,\"name\":\"Werkvertr\u00e4ge\"}]},{\"@type\":\"WebSite\",\"@id\":\"https:\\\/\\\/personal-polen.de\\\/#website\",\"url\":\"https:\\\/\\\/personal-polen.de\\\/\",\"name\":\"Personal aus Polen\",\"description\":\"Ihr Spezialist f\u00fcr Handwerker und Subunternehmer aus Polen\",\"publisher\":{\"@id\":\"https:\\\/\\\/personal-polen.de\\\/#organization\"},\"potentialAction\":[{\"@type\":\"SearchAction\",\"target\":{\"@type\":\"EntryPoint\",\"urlTemplate\":\"https:\\\/\\\/personal-polen.de\\\/?s={search_term_string}\"},\"query-input\":{\"@type\":\"PropertyValueSpecification\",\"valueRequired\":true,\"valueName\":\"search_term_string\"}}],\"inLanguage\":\"en-GB\"},{\"@type\":\"Organization\",\"@id\":\"https:\\\/\\\/personal-polen.de\\\/#organization\",\"name\":\"Personal aus Polen\",\"url\":\"https:\\\/\\\/personal-polen.de\\\/\",\"logo\":{\"@type\":\"ImageObject\",\"inLanguage\":\"en-GB\",\"@id\":\"https:\\\/\\\/personal-polen.de\\\/#\\\/schema\\\/logo\\\/image\\\/\",\"url\":\"https:\\\/\\\/personal-polen.de\\\/wp-content\\\/uploads\\\/2019\\\/02\\\/pal_logo_2.png\",\"contentUrl\":\"https:\\\/\\\/personal-polen.de\\\/wp-content\\\/uploads\\\/2019\\\/02\\\/pal_logo_2.png\",\"width\":250,\"height\":100,\"caption\":\"Personal aus Polen\"},\"image\":{\"@id\":\"https:\\\/\\\/personal-polen.de\\\/#\\\/schema\\\/logo\\\/image\\\/\"}},{\"@type\":\"Person\",\"@id\":\"https:\\\/\\\/personal-polen.de\\\/#\\\/schema\\\/person\\\/cc060cc282b90d581444e0570ce4ab16\",\"name\":\"Redaktion\"}]}<\/script>\n<!-- \/ Yoast SEO Premium plugin. -->","yoast_head_json":{"title":"Work contracts - Personnel from Poland &amp; Eastern Europe","description":"Welcome to Personnel from Poland. We are your specialised service provider for subcontractors, craftsmen and temporary workers from Poland.","robots":{"index":"index","follow":"follow","max-snippet":"max-snippet:-1","max-image-preview":"max-image-preview:large","max-video-preview":"max-video-preview:-1"},"canonical":"https:\/\/personal-polen.de\/en\/labour-contracts\/","og_locale":"en_GB","og_type":"article","og_title":"Werkvertr\u00e4ge","og_description":"Willkommen bei Personal aus Polen. Wir sind Ihr spezialisierter Dienstleister f\u00fcr Subunternehmer, Handwerker und Leiharbeiter aus Polen.","og_url":"https:\/\/personal-polen.de\/en\/labour-contracts\/","og_site_name":"Personal aus Polen","article_modified_time":"2025-05-01T12:30:16+00:00","twitter_card":"summary_large_image","twitter_misc":{"Estimated reading time":"5 minutes"},"schema":{"@context":"https:\/\/schema.org","@graph":[{"@type":"Article","@id":"https:\/\/personal-polen.de\/werkvertraege\/#article","isPartOf":{"@id":"https:\/\/personal-polen.de\/werkvertraege\/"},"author":{"name":"Redaktion","@id":"https:\/\/personal-polen.de\/#\/schema\/person\/cc060cc282b90d581444e0570ce4ab16"},"headline":"Werkvertr\u00e4ge","datePublished":"2019-03-05T17:16:29+00:00","dateModified":"2025-05-01T12:30:16+00:00","mainEntityOfPage":{"@id":"https:\/\/personal-polen.de\/werkvertraege\/"},"wordCount":967,"publisher":{"@id":"https:\/\/personal-polen.de\/#organization"},"inLanguage":"en-GB"},{"@type":["WebPage","ItemPage"],"@id":"https:\/\/personal-polen.de\/werkvertraege\/","url":"https:\/\/personal-polen.de\/werkvertraege\/","name":"Work contracts - Personnel from Poland &amp; Eastern Europe","isPartOf":{"@id":"https:\/\/personal-polen.de\/#website"},"datePublished":"2019-03-05T17:16:29+00:00","dateModified":"2025-05-01T12:30:16+00:00","description":"Welcome to Personnel from Poland. We are your specialised service provider for subcontractors, craftsmen and temporary workers from Poland.","breadcrumb":{"@id":"https:\/\/personal-polen.de\/werkvertraege\/#breadcrumb"},"inLanguage":"en-GB","potentialAction":[{"@type":"ReadAction","target":["https:\/\/personal-polen.de\/werkvertraege\/"]}]},{"@type":"BreadcrumbList","@id":"https:\/\/personal-polen.de\/werkvertraege\/#breadcrumb","itemListElement":[{"@type":"ListItem","position":1,"name":"Startseite","item":"https:\/\/personal-polen.de\/"},{"@type":"ListItem","position":2,"name":"Werkvertr\u00e4ge"}]},{"@type":"WebSite","@id":"https:\/\/personal-polen.de\/#website","url":"https:\/\/personal-polen.de\/","name":"Staff from Poland","description":"Your specialist for craftsmen and subcontractors from Poland","publisher":{"@id":"https:\/\/personal-polen.de\/#organization"},"potentialAction":[{"@type":"SearchAction","target":{"@type":"EntryPoint","urlTemplate":"https:\/\/personal-polen.de\/?s={search_term_string}"},"query-input":{"@type":"PropertyValueSpecification","valueRequired":true,"valueName":"search_term_string"}}],"inLanguage":"en-GB"},{"@type":"Organization","@id":"https:\/\/personal-polen.de\/#organization","name":"Staff from Poland","url":"https:\/\/personal-polen.de\/","logo":{"@type":"ImageObject","inLanguage":"en-GB","@id":"https:\/\/personal-polen.de\/#\/schema\/logo\/image\/","url":"https:\/\/personal-polen.de\/wp-content\/uploads\/2019\/02\/pal_logo_2.png","contentUrl":"https:\/\/personal-polen.de\/wp-content\/uploads\/2019\/02\/pal_logo_2.png","width":250,"height":100,"caption":"Personal aus Polen"},"image":{"@id":"https:\/\/personal-polen.de\/#\/schema\/logo\/image\/"}},{"@type":"Person","@id":"https:\/\/personal-polen.de\/#\/schema\/person\/cc060cc282b90d581444e0570ce4ab16","name":"Editorial office"}]}},"_links":{"self":[{"href":"https:\/\/personal-polen.de\/en\/wp-json\/wp\/v2\/pages\/67","targetHints":{"allow":["GET"]}}],"collection":[{"href":"https:\/\/personal-polen.de\/en\/wp-json\/wp\/v2\/pages"}],"about":[{"href":"https:\/\/personal-polen.de\/en\/wp-json\/wp\/v2\/types\/page"}],"author":[{"embeddable":true,"href":"https:\/\/personal-polen.de\/en\/wp-json\/wp\/v2\/users\/13"}],"replies":[{"embeddable":true,"href":"https:\/\/personal-polen.de\/en\/wp-json\/wp\/v2\/comments?post=67"}],"version-history":[{"count":0,"href":"https:\/\/personal-polen.de\/en\/wp-json\/wp\/v2\/pages\/67\/revisions"}],"wp:attachment":[{"href":"https:\/\/personal-polen.de\/en\/wp-json\/wp\/v2\/media?parent=67"}],"curies":[{"name":"wp","href":"https:\/\/api.w.org\/{rel}","templated":true}]}}