{"id":722,"date":"2021-09-30T09:18:23","date_gmt":"2021-09-30T07:18:23","guid":{"rendered":"https:\/\/personal-polen.de\/?page_id=722"},"modified":"2025-04-12T21:44:53","modified_gmt":"2025-04-12T19:44:53","slug":"dopyt","status":"publish","type":"page","link":"https:\/\/personal-polen.de\/sk\/dopyt\/","title":{"rendered":"Dopyt"},"content":{"rendered":"<div class=\"wpb-content-wrapper\">\r\n<div class=\"mk-page-section-wrapper\" data-mk-full-width=\"true\" data-mk-full-width-init=\"true\" data-mk-stretch-content=\"true\">\r\n\t<div id=\"page-section-1\" class=\"mk-page-section self-hosted   full_layout full-width-1 js-el js-master-row jupiter-donut-\"    data-intro-effect=\"false\">\r\n\r\n\t\t\t\r\n\t\t\t<div class=\"mk-page-section-inner\">\r\n\t\t\t\t\r\n\r\n\r\n<div class=\"mk-video-color-mask\"><\/div>\r\n\r\n\t\t\t\t\r\n\t\t\t\t\t\t\t<\/div>\r\n\r\n\t\t\t\r\n        <div class=\"page-section-content vc_row-fluid mk-grid\" >\r\n            <div class=\"mk-padding-wrapper wpb_row\">\r\n<div class=\"vc_col-sm-12 wpb_column column_container  jupiter-donut- _ jupiter-donut-height-full\">\r\n\t\n<div class=\"mk-custom-box jupiter-donut- hover-effect-image\" id=\"box-3\">\r\n\t<div class=\"box-holder\">\r\n\r\n<div class=\"wpb_row vc_inner vc_row vc_row-fluid jupiter-donut-   attched-false\">\r\n\t\t\t<div class=\"wpb_column vc_column_container vc_col-sm-12\"><div class=\"vc_column-inner\"><div class=\"wpb_wrapper\">\r\n<h2 id=\"fancy-title-4\" class=\"mk-fancy-title  simple-style jupiter-donut-  color-single\">\r\n\t<span>\r\n\t\t\t\t<h2 style=\"text-align: left;\">Zadajte person\u00e1lny dotaz:<\/h2>\n\t\t\t<\/span>\r\n<\/h2>\r\n<div class=\"clearboth\"><\/div>\r\n\r\n\r\n\r\n\t<div class=\"vc_custom_1632986449153\">\r\n\r\n<div id=\"text-block-5\" class=\"mk-text-block  jupiter-donut-\">\r\n\r\n\t\r\n\t<p>Tu si vy\u017eiadajte osobn\u00fa ponuku. Po prijat\u00ed va\u0161ej \u017eiadosti dostanete na\u0161u ponuku do 24 hod\u00edn v pracovn\u00fdch d\u0148och alebo do 48 hod\u00edn po\u010das v\u00edkendov a sviatkov.<\/p>\n\r\n\t<div class=\"clearboth\"><\/div>\r\n<\/div>\r\n\r\n\t<\/div>\r\n\t<div class=\"vc_custom_1718361152723\">\r\n\r\n<div id=\"text-block-6\" class=\"mk-text-block  jupiter-donut-\">\r\n\r\n\t\r\n\t<style id=\"wpforms-css-vars-2926\">\n\t\t\t\t#wpforms-2926 {\n\t\t\t\t--wpforms-container-padding: 0px;\n--wpforms-container-border-width: 1px;\n--wpforms-container-border-radius: 3px;\n--wpforms-background-color: rgba(0, 0, 0, 0);\n--wpforms-field-size-input-height: 43px;\n--wpforms-field-size-input-spacing: 15px;\n--wpforms-field-size-font-size: 16px;\n--wpforms-field-size-line-height: 19px;\n--wpforms-field-size-padding-h: 14px;\n--wpforms-field-size-checkbox-size: 16px;\n--wpforms-field-size-sublabel-spacing: 5px;\n--wpforms-field-size-icon-size: 1;\n--wpforms-label-size-font-size: 16px;\n--wpforms-label-size-line-height: 19px;\n--wpforms-label-size-sublabel-font-size: 14px;\n--wpforms-label-size-sublabel-line-height: 17px;\n--wpforms-button-size-font-size: 17px;\n--wpforms-button-size-height: 41px;\n--wpforms-button-size-padding-h: 15px;\n--wpforms-button-size-margin-top: 10px;\n--wpforms-container-shadow-size-box-shadow: none;\n\t\t\t}\n\t\t\t<\/style>\n<div class=\"wpforms-container wpforms-container-full wpforms-render-modern\" id=\"wpforms-2926\"><form id=\"wpforms-form-2926\" class=\"wpforms-validate wpforms-form wpforms-ajax-form\" data-formid=\"2926\" method=\"post\" enctype=\"multipart\/form-data\" action=\"\/sk\/wp-json\/wp\/v2\/pages\/722\" data-token=\"a86bb522866688cfd3e5ba88b95f9ce5\" data-token-time=\"1775762384\" data-trp-original-action=\"\/sk\/wp-json\/wp\/v2\/pages\/722\">\n<noscript class=\"wpforms-error-noscript\">Ak chcete vyplni\u0165 tento formul\u00e1r, povo\u013ete vo svojom prehliada\u010di JavaScript.<\/noscript>\n<div id=\"wpforms-error-noscript\" style=\"display: none;\">Ak chcete vyplni\u0165 tento formul\u00e1r, povo\u013ete vo svojom prehliada\u010di JavaScript.<\/div>\n<div class=\"wpforms-field-container\">\n<div id=\"wpforms-2926-field_3-container\" class=\"wpforms-field wpforms-field-select wpforms-field-select-style-classic\" data-field-id=\"3\">\n<label class=\"wpforms-field-label\" for=\"wpforms-2926-field_3\">Vyberte priemyseln\u00e9 odvetvie<\/label><select id=\"wpforms-2926-field_3\" class=\"wpforms-field-large\" name=\"wpforms[fields][3]\"><option value=\"\" class=\"placeholder\" disabled selected>Pros\u00edm, vyberte<\/option>\n<option value=\"Produktion &amp; Logistik\" class=\"choice-1 depth-1\">V\u00fdroba a logistika<\/option>\n<option value=\"Elektrotechnik\" class=\"choice-2 depth-1\">Elektrotechnika<\/option>\n<option value=\"Bauwesen\" class=\"choice-3 depth-1\">Stavebn\u00edctvo<\/option>\n<option value=\"Maschinenbau\" class=\"choice-4 depth-1\">Stroj\u00e1rstvo<\/option>\n<option value=\"Anlagenbau\" class=\"choice-5 depth-1\">In\u017einierstvo rastl\u00edn<\/option>\n<option value=\"IT &amp; Softwareentwicklung\" class=\"choice-6 depth-1\">V\u00fdvoj IT a softv\u00e9ru<\/option>\n<option value=\"Ingenieurwesen\" class=\"choice-7 depth-1\">In\u017einierstvo<\/option>\n<option value=\"Heizung &amp; Klima\" class=\"choice-8 depth-1\">Vykurovanie a klimatiz\u00e1cia<\/option>\n<option value=\"Gesundheit &amp; Pflege\" class=\"choice-9 depth-1\">Zdravie a starostlivos\u0165<\/option>\n<option value=\"Sonstiges\" class=\"choice-10 depth-1\">In\u00e9<\/option><\/select>\n<\/div>\n<div id=\"wpforms-2926-field_6-container\" class=\"wpforms-field wpforms-field-text\" data-field-id=\"6\">\n<label class=\"wpforms-field-label\" for=\"wpforms-2926-field_6\">N\u00e1zov pracovnej poz\u00edcie<\/label><input type=\"text\" id=\"wpforms-2926-field_6\" class=\"wpforms-field-large\" name=\"wpforms[fields][6]\" placeholder=\"napr. zv\u00e1ra\u010d, elektrik\u00e1r\" aria-errormessage=\"wpforms-2926-field_6-error\">\n<\/div>\n<div id=\"wpforms-2926-field_4-container\" class=\"wpforms-field wpforms-field-text\" data-field-id=\"4\">\n<label class=\"wpforms-field-label\" for=\"wpforms-2926-field_4\">Spolo\u010dnos\u0165 <span class=\"wpforms-required-label\" aria-hidden=\"true\">*<\/span><\/label><input type=\"text\" id=\"wpforms-2926-field_4\" class=\"wpforms-field-large wpforms-field-required\" name=\"wpforms[fields][4]\" aria-errormessage=\"wpforms-2926-field_4-error\" required>\n<\/div>\n<div id=\"wpforms-2926-field_8-container\" class=\"wpforms-field wpforms-field-text\" data-field-id=\"8\">\n<label class=\"wpforms-field-label\" for=\"wpforms-2926-field_8\">Priezvisko, meno <span class=\"wpforms-required-label\" aria-hidden=\"true\">*<\/span><\/label><input type=\"text\" id=\"wpforms-2926-field_8\" class=\"wpforms-field-large wpforms-field-required\" name=\"wpforms[fields][8]\" aria-errormessage=\"wpforms-2926-field_8-error\" required>\n<\/div>\n<div id=\"wpforms-2926-field_10-container\" class=\"wpforms-field wpforms-field-text\" data-field-id=\"10\">\n<label class=\"wpforms-field-label\" for=\"wpforms-2926-field_10\">K\u00f3d oblasti, telef\u00f3nne \u010d\u00edslo <span class=\"wpforms-required-label\" aria-hidden=\"true\">*<\/span><\/label><input type=\"text\" id=\"wpforms-2926-field_10\" class=\"wpforms-field-medium wpforms-field-required\" name=\"wpforms[fields][10]\" placeholder=\"napr. +49 13333323435\" aria-errormessage=\"wpforms-2926-field_10-error\" required>\n<\/div>\n<div id=\"wpforms-2926-field_1-container\" class=\"wpforms-field wpforms-field-email\" data-field-id=\"1\">\n<label class=\"wpforms-field-label\" for=\"wpforms-2926-field_1\">e-mail <span class=\"wpforms-required-label\" aria-hidden=\"true\">*<\/span><\/label><input type=\"email\" id=\"wpforms-2926-field_1\" class=\"wpforms-field-large wpforms-field-required\" name=\"wpforms[fields][1]\" spellcheck=\"false\" aria-errormessage=\"wpforms-2926-field_1-error\" required>\n<\/div>\n<div id=\"wpforms-2926-field_2-container\" class=\"wpforms-field wpforms-field-textarea\" data-field-id=\"2\">\n<label class=\"wpforms-field-label\" for=\"wpforms-2926-field_2\">\u010eal\u0161ie inform\u00e1cie <span class=\"wpforms-required-label\" aria-hidden=\"true\">*<\/span><\/label><textarea id=\"wpforms-2926-field_2\" class=\"wpforms-field-medium wpforms-field-required\" name=\"wpforms[fields][2]\" placeholder=\"napr. d\u00e1tum za\u010datia, po\u010det zamestnancov, typ zmluvy, miesto.\" aria-errormessage=\"wpforms-2926-field_2-error\" required><\/textarea>\n<\/div>\n<\/div>\n<!-- .wpforms-field-container --><div class=\"wpforms-submit-container\">\n<input type=\"hidden\" name=\"wpforms[id]\" value=\"2926\"><input type=\"hidden\" name=\"page_title\" value=\"\"><input type=\"hidden\" name=\"page_url\" value=\"https:\/\/personal-polen.de\/sk\/wp-json\/wp\/v2\/pages\/722\"><input type=\"hidden\" name=\"url_referer\" value=\"\"><button type=\"submit\" name=\"wpforms[submit]\" id=\"wpforms-submit-2926\" class=\"wpforms-submit\" data-alt-text=\"Ihre Nachricht wird gesendet\" data-submit-text=\"Absenden\" aria-live=\"assertive\" value=\"wpforms-submit\">Odosielanie<\/button><img loading=\"lazy\" decoding=\"async\" src=\"https:\/\/personal-polen.de\/wp-content\/plugins\/wpforms-lite\/assets\/images\/submit-spin.svg\" class=\"wpforms-submit-spinner\" style=\"display: none;\" width=\"26\" height=\"26\" alt=\"Na\u010d\u00edtanie\">\n<\/div>\n<input type=\"hidden\" name=\"trp-form-language\" value=\"sk\"\/><\/form><\/div>  <!-- .wpforms-container -->\n\r\n\t<div class=\"clearboth\"><\/div>\r\n<\/div>\r\n\r\n\t<\/div>\r\n<\/div><\/div><\/div>\t<\/div>\r\n\r\n\t\t<div class=\"jupiter-donut-clearfix\"><\/div>\r\n\t<\/div>\r\n<\/div>\r\n<\/div>\r\n<\/div>\r\n            <div class=\"clearboth\"><\/div>\r\n        <\/div>\r\n\r\n\r\n\t\t\t\r\n\t\t\t\r\n\t\t\t\r\n\t\t<div class=\"clearboth\"><\/div>\r\n\t<\/div>\r\n<\/div>\r\n<div class=\"vc_row-full-width vc_clearfix\"><\/div>\r\n\r\n\r\n<div  data-mk-stretch-content=\"true\" class=\"wpb_row vc_row vc_row-fluid jupiter-donut- mk-fullwidth-false  attched-false     js-master-row  mk-grid\">\r\n\t\t\t\t\r\n<div class=\"vc_col-sm-8 wpb_column column_container  jupiter-donut- _ jupiter-donut-height-full\">\r\n\t\r\n<h2 id=\"fancy-title-8\" class=\"mk-fancy-title  simple-style jupiter-donut-  color-single\">\r\n\t<span>\r\n\t\t\t\t<h2>Alebo n\u00e1m jednoducho zavolajte! Porad\u00edme v\u00e1m alebo v\u00e1m predlo\u017e\u00edme nez\u00e1v\u00e4zn\u00fa ponuku!<\/h2>\n\t\t\t<\/span>\r\n<\/h2>\r\n<div class=\"clearboth\"><\/div>\r\n\r\n\r\n\r\n<\/div>\r\n\r\n<div class=\"vc_col-sm-4 wpb_column column_container  jupiter-donut- _ jupiter-donut-height-full\">\r\n\t<div id=\"mk-icon-box-10\" class=\"mk-box-icon-2  jupiter-donut- box-align-center\">    <div class=\"mk-box-icon-2-icon size-32\"><a href=\"tel:+491727477707\" target=\"_self\">        <svg  class=\"mk-svg-icon\" data-name=\"mk-moon-phone-2\" data-cacheid=\"icon-69d7fbd0474ea\" style=\" height:32px; width: 32px; \"  xmlns=\"http:\/\/www.w3.org\/2000\/svg\" viewbox=\"0 0 512 512\"><path d=\"M352 320c32-32 128 64 128 96s-96 96-96 96c-64 0-193.75-65.75-256-128s-128-192-128-256c0 0 64-96 96-96s128 96 96 128-64 32-64 64 32 64 64 96 64 64 96 64 32-32 64-64zm-32-192c-22.419 0-42.133 11.536-53.563 28.987 7.893-3.206 16.518-4.987 25.563-4.987 37.556 0 68 30.445 68 68 0 9.045-1.781 17.669-4.987 25.563 17.451-11.43 28.987-31.144 28.987-53.563 0-35.346-28.653-64-64-64zm16-64c-33.896 0-64.273 15.059-84.812 38.85 16.792-9.452 36.17-14.85 56.812-14.85 64.064 0 116 51.935 116 116 0 20.642-5.398 40.02-14.85 56.812 23.791-20.539 38.85-50.916 38.85-84.812 0-61.856-50.145-112-112-112zm32-64c-41.519 0-78.926 17.578-105.206 45.689 22.477-13.772 48.913-21.717 77.206-21.717 81.738 0 148 66.269 148 148.014 0 28.326-7.962 54.79-21.761 77.286 28.154-26.283 45.761-63.718 45.761-105.272 0-79.529-64.471-144-144-144z\"\/><\/svg> <\/a>    <\/div><a href=\"tel:+491727477707\" target=\"_self\">    <h3 class=\"mk-box-icon-2-title\">+49 172 7477707<\/h3><\/a>    <p class=\"mk-box-icon-2-content\"><\/p><\/div><\/div>\r\n\t<\/div>\r\n\n<\/div>","protected":false},"excerpt":{"rendered":"Person\u00e1lny dotaz: Tu si vy\u017eiadajte osobn\u00fa ponuku. Po prijat\u00ed va\u0161ej po\u017eiadavky dostanete na\u0161u ponuku do 24 hod\u00edn po\u010das pracovn\u00fdch dn\u00ed a do 48 hod\u00edn po\u010das v\u00edkendov a sviatkov. Na vyplnenie tohto formul\u00e1ra povo\u013ete vo svojom prehliada\u010di JavaScript. Ak chcete vyplni\u0165 tento formul\u00e1r, povo\u013ete vo svojom prehliada\u010di JavaScript. Vyberte priemyseln\u00e9 odvetvieVyberte si, pros\u00edm, v\u00fdrobn\u00e9 odvetvie [...]","protected":false},"author":13,"featured_media":0,"parent":0,"menu_order":0,"comment_status":"closed","ping_status":"closed","template":"","meta":{"footnotes":""},"class_list":["post-722","page","type-page","status-publish","hentry"],"yoast_head":"<!-- This site is optimized with the Yoast SEO Premium plugin v26.4 (Yoast SEO v26.4) - https:\/\/yoast.com\/wordpress\/plugins\/seo\/ -->\n<title>Anfrage - Personal aus Polen<\/title>\n<meta name=\"robots\" content=\"index, follow, max-snippet:-1, max-image-preview:large, max-video-preview:-1\" \/>\n<link rel=\"canonical\" href=\"https:\/\/personal-polen.de\/sk\/dopyt\/\" \/>\n<meta property=\"og:locale\" content=\"sk_SK\" \/>\n<meta property=\"og:type\" content=\"article\" \/>\n<meta property=\"og:title\" content=\"Anfrage\" \/>\n<meta property=\"og:url\" content=\"https:\/\/personal-polen.de\/sk\/dopyt\/\" \/>\n<meta property=\"og:site_name\" content=\"Personal aus Polen\" \/>\n<meta property=\"article:modified_time\" content=\"2025-04-12T19:44:53+00:00\" \/>\n<meta name=\"twitter:card\" content=\"summary_large_image\" \/>\n<meta name=\"twitter:label1\" content=\"Predpokladan\u00fd \u010das \u010d\u00edtania\" \/>\n\t<meta name=\"twitter:data1\" content=\"1 min\u00fata\" \/>\n<script type=\"application\/ld+json\" class=\"yoast-schema-graph\">{\"@context\":\"https:\/\/schema.org\",\"@graph\":[{\"@type\":\"Article\",\"@id\":\"https:\/\/personal-polen.de\/anfrage\/#article\",\"isPartOf\":{\"@id\":\"https:\/\/personal-polen.de\/anfrage\/\"},\"author\":{\"name\":\"Redaktion\",\"@id\":\"https:\/\/personal-polen.de\/#\/schema\/person\/cc060cc282b90d581444e0570ce4ab16\"},\"headline\":\"Anfrage\",\"datePublished\":\"2021-09-30T07:18:23+00:00\",\"dateModified\":\"2025-04-12T19:44:53+00:00\",\"mainEntityOfPage\":{\"@id\":\"https:\/\/personal-polen.de\/anfrage\/\"},\"wordCount\":197,\"publisher\":{\"@id\":\"https:\/\/personal-polen.de\/#organization\"},\"inLanguage\":\"sk-SK\"},{\"@type\":[\"WebPage\",\"ItemPage\"],\"@id\":\"https:\/\/personal-polen.de\/anfrage\/\",\"url\":\"https:\/\/personal-polen.de\/anfrage\/\",\"name\":\"Anfrage - Personal aus Polen\",\"isPartOf\":{\"@id\":\"https:\/\/personal-polen.de\/#website\"},\"datePublished\":\"2021-09-30T07:18:23+00:00\",\"dateModified\":\"2025-04-12T19:44:53+00:00\",\"breadcrumb\":{\"@id\":\"https:\/\/personal-polen.de\/anfrage\/#breadcrumb\"},\"inLanguage\":\"sk-SK\",\"potentialAction\":[{\"@type\":\"ReadAction\",\"target\":[\"https:\/\/personal-polen.de\/anfrage\/\"]}]},{\"@type\":\"BreadcrumbList\",\"@id\":\"https:\/\/personal-polen.de\/anfrage\/#breadcrumb\",\"itemListElement\":[{\"@type\":\"ListItem\",\"position\":1,\"name\":\"Startseite\",\"item\":\"https:\/\/personal-polen.de\/\"},{\"@type\":\"ListItem\",\"position\":2,\"name\":\"Anfrage\"}]},{\"@type\":\"WebSite\",\"@id\":\"https:\/\/personal-polen.de\/#website\",\"url\":\"https:\/\/personal-polen.de\/\",\"name\":\"Personal aus Polen\",\"description\":\"Ihr Spezialist f\u00fcr Handwerker und Subunternehmer aus Polen\",\"publisher\":{\"@id\":\"https:\/\/personal-polen.de\/#organization\"},\"potentialAction\":[{\"@type\":\"SearchAction\",\"target\":{\"@type\":\"EntryPoint\",\"urlTemplate\":\"https:\/\/personal-polen.de\/?s={search_term_string}\"},\"query-input\":{\"@type\":\"PropertyValueSpecification\",\"valueRequired\":true,\"valueName\":\"search_term_string\"}}],\"inLanguage\":\"sk-SK\"},{\"@type\":\"Organization\",\"@id\":\"https:\/\/personal-polen.de\/#organization\",\"name\":\"Personal aus Polen\",\"url\":\"https:\/\/personal-polen.de\/\",\"logo\":{\"@type\":\"ImageObject\",\"inLanguage\":\"sk-SK\",\"@id\":\"https:\/\/personal-polen.de\/#\/schema\/logo\/image\/\",\"url\":\"https:\/\/personal-polen.de\/wp-content\/uploads\/2019\/02\/pal_logo_2.png\",\"contentUrl\":\"https:\/\/personal-polen.de\/wp-content\/uploads\/2019\/02\/pal_logo_2.png\",\"width\":250,\"height\":100,\"caption\":\"Personal aus Polen\"},\"image\":{\"@id\":\"https:\/\/personal-polen.de\/#\/schema\/logo\/image\/\"}},{\"@type\":\"Person\",\"@id\":\"https:\/\/personal-polen.de\/#\/schema\/person\/cc060cc282b90d581444e0570ce4ab16\",\"name\":\"Redaktion\"}]}<\/script>\n<!-- \/ Yoast SEO Premium plugin. -->","yoast_head_json":{"title":"Dopyt - Person\u00e1l z Po\u013eska","robots":{"index":"index","follow":"follow","max-snippet":"max-snippet:-1","max-image-preview":"max-image-preview:large","max-video-preview":"max-video-preview:-1"},"canonical":"https:\/\/personal-polen.de\/sk\/dopyt\/","og_locale":"sk_SK","og_type":"article","og_title":"Anfrage","og_url":"https:\/\/personal-polen.de\/sk\/dopyt\/","og_site_name":"Personal aus Polen","article_modified_time":"2025-04-12T19:44:53+00:00","twitter_card":"summary_large_image","twitter_misc":{"Predpokladan\u00fd \u010das \u010d\u00edtania":"1 min\u00fata"},"schema":{"@context":"https:\/\/schema.org","@graph":[{"@type":"Article","@id":"https:\/\/personal-polen.de\/anfrage\/#article","isPartOf":{"@id":"https:\/\/personal-polen.de\/anfrage\/"},"author":{"name":"Redaktion","@id":"https:\/\/personal-polen.de\/#\/schema\/person\/cc060cc282b90d581444e0570ce4ab16"},"headline":"Anfrage","datePublished":"2021-09-30T07:18:23+00:00","dateModified":"2025-04-12T19:44:53+00:00","mainEntityOfPage":{"@id":"https:\/\/personal-polen.de\/anfrage\/"},"wordCount":197,"publisher":{"@id":"https:\/\/personal-polen.de\/#organization"},"inLanguage":"sk-SK"},{"@type":["WebPage","ItemPage"],"@id":"https:\/\/personal-polen.de\/anfrage\/","url":"https:\/\/personal-polen.de\/anfrage\/","name":"Dopyt - Person\u00e1l z Po\u013eska","isPartOf":{"@id":"https:\/\/personal-polen.de\/#website"},"datePublished":"2021-09-30T07:18:23+00:00","dateModified":"2025-04-12T19:44:53+00:00","breadcrumb":{"@id":"https:\/\/personal-polen.de\/anfrage\/#breadcrumb"},"inLanguage":"sk-SK","potentialAction":[{"@type":"ReadAction","target":["https:\/\/personal-polen.de\/anfrage\/"]}]},{"@type":"BreadcrumbList","@id":"https:\/\/personal-polen.de\/anfrage\/#breadcrumb","itemListElement":[{"@type":"ListItem","position":1,"name":"Startseite","item":"https:\/\/personal-polen.de\/"},{"@type":"ListItem","position":2,"name":"Anfrage"}]},{"@type":"WebSite","@id":"https:\/\/personal-polen.de\/#website","url":"https:\/\/personal-polen.de\/","name":"Zamestnanci z Po\u013eska","description":"V\u00e1\u0161 \u0161pecialista na remeseln\u00edkov a subdod\u00e1vate\u013eov z Po\u013eska","publisher":{"@id":"https:\/\/personal-polen.de\/#organization"},"potentialAction":[{"@type":"SearchAction","target":{"@type":"EntryPoint","urlTemplate":"https:\/\/personal-polen.de\/?s={search_term_string}"},"query-input":{"@type":"PropertyValueSpecification","valueRequired":true,"valueName":"search_term_string"}}],"inLanguage":"sk-SK"},{"@type":"Organization","@id":"https:\/\/personal-polen.de\/#organization","name":"Zamestnanci z Po\u013eska","url":"https:\/\/personal-polen.de\/","logo":{"@type":"ImageObject","inLanguage":"sk-SK","@id":"https:\/\/personal-polen.de\/#\/schema\/logo\/image\/","url":"https:\/\/personal-polen.de\/wp-content\/uploads\/2019\/02\/pal_logo_2.png","contentUrl":"https:\/\/personal-polen.de\/wp-content\/uploads\/2019\/02\/pal_logo_2.png","width":250,"height":100,"caption":"Personal aus Polen"},"image":{"@id":"https:\/\/personal-polen.de\/#\/schema\/logo\/image\/"}},{"@type":"Person","@id":"https:\/\/personal-polen.de\/#\/schema\/person\/cc060cc282b90d581444e0570ce4ab16","name":"Redakcia"}]}},"_links":{"self":[{"href":"https:\/\/personal-polen.de\/sk\/wp-json\/wp\/v2\/pages\/722","targetHints":{"allow":["GET"]}}],"collection":[{"href":"https:\/\/personal-polen.de\/sk\/wp-json\/wp\/v2\/pages"}],"about":[{"href":"https:\/\/personal-polen.de\/sk\/wp-json\/wp\/v2\/types\/page"}],"author":[{"embeddable":true,"href":"https:\/\/personal-polen.de\/sk\/wp-json\/wp\/v2\/users\/13"}],"replies":[{"embeddable":true,"href":"https:\/\/personal-polen.de\/sk\/wp-json\/wp\/v2\/comments?post=722"}],"version-history":[{"count":0,"href":"https:\/\/personal-polen.de\/sk\/wp-json\/wp\/v2\/pages\/722\/revisions"}],"wp:attachment":[{"href":"https:\/\/personal-polen.de\/sk\/wp-json\/wp\/v2\/media?parent=722"}],"curies":[{"name":"wp","href":"https:\/\/api.w.org\/{rel}","templated":true}]}}